{"id":18,"date":"2019-11-28T08:56:19","date_gmt":"2019-11-28T07:56:19","guid":{"rendered":"http:\/\/coders-doubs25-ffrs.com\/?page_id=18"},"modified":"2025-12-04T18:11:07","modified_gmt":"2025-12-04T17:11:07","slug":"accueil","status":"publish","type":"page","link":"https:\/\/coders-doubs25-ffrs.com\/","title":{"rendered":"Accueil"},"content":{"rendered":"\t\t<div data-elementor-type=\"wp-page\" data-elementor-id=\"18\" class=\"elementor elementor-18\">\n\t\t\t\t\t\t<section class=\"elementor-section elementor-top-section elementor-element elementor-element-ead6480 elementor-section-boxed elementor-section-height-default elementor-section-height-default\" data-id=\"ead6480\" data-element_type=\"section\">\n\t\t\t\t\t\t<div class=\"elementor-container elementor-column-gap-default\">\n\t\t\t\t\t<div class=\"elementor-column elementor-col-100 elementor-top-column elementor-element elementor-element-69d0a50\" data-id=\"69d0a50\" data-element_type=\"column\">\n\t\t\t<div class=\"elementor-widget-wrap elementor-element-populated\">\n\t\t\t\t\t\t<section class=\"elementor-section elementor-inner-section elementor-element elementor-element-447c11a elementor-section-boxed elementor-section-height-default elementor-section-height-default\" data-id=\"447c11a\" data-element_type=\"section\">\n\t\t\t\t\t\t<div class=\"elementor-container elementor-column-gap-default\">\n\t\t\t\t\t<div class=\"elementor-column elementor-col-50 elementor-inner-column elementor-element elementor-element-6099dfb\" data-id=\"6099dfb\" data-element_type=\"column\">\n\t\t\t<div class=\"elementor-widget-wrap elementor-element-populated\">\n\t\t\t\t\t\t<div class=\"elementor-element elementor-element-b321f5f elementor-widget elementor-widget-image\" data-id=\"b321f5f\" data-element_type=\"widget\" data-widget_type=\"image.default\">\n\t\t\t\t<div class=\"elementor-widget-container\">\n\t\t\t\t\t\t\t\t\t\t\t\t\t\t\t<img fetchpriority=\"high\" decoding=\"async\" width=\"340\" height=\"148\" src=\"https:\/\/coders-doubs25-ffrs.com\/wp-content\/uploads\/2019\/12\/Sports-Rando.jpg\" class=\"attachment-large size-large wp-image-400\" alt=\"\" srcset=\"https:\/\/coders-doubs25-ffrs.com\/wp-content\/uploads\/2019\/12\/Sports-Rando.jpg 340w, https:\/\/coders-doubs25-ffrs.com\/wp-content\/uploads\/2019\/12\/Sports-Rando-300x131.jpg 300w\" sizes=\"(max-width: 340px) 100vw, 340px\" \/>\t\t\t\t\t\t\t\t\t\t\t\t\t\t\t<\/div>\n\t\t\t\t<\/div>\n\t\t\t\t\t<\/div>\n\t\t<\/div>\n\t\t\t\t<div class=\"elementor-column elementor-col-50 elementor-inner-column elementor-element elementor-element-392ad32\" data-id=\"392ad32\" data-element_type=\"column\">\n\t\t\t<div class=\"elementor-widget-wrap elementor-element-populated\">\n\t\t\t\t\t\t<div class=\"elementor-element elementor-element-5d2452c elementor-widget elementor-widget-image\" data-id=\"5d2452c\" data-element_type=\"widget\" data-widget_type=\"image.default\">\n\t\t\t\t<div class=\"elementor-widget-container\">\n\t\t\t\t\t\t\t\t\t\t\t\t\t\t\t<img decoding=\"async\" width=\"275\" height=\"183\" src=\"https:\/\/coders-doubs25-ffrs.com\/wp-content\/uploads\/2019\/12\/2_Sports-Gym.jpg\" class=\"attachment-medium_large size-medium_large wp-image-457\" alt=\"\" \/>\t\t\t\t\t\t\t\t\t\t\t\t\t\t\t<\/div>\n\t\t\t\t<\/div>\n\t\t\t\t\t<\/div>\n\t\t<\/div>\n\t\t\t\t\t<\/div>\n\t\t<\/section>\n\t\t\t\t\t<\/div>\n\t\t<\/div>\n\t\t\t\t\t<\/div>\n\t\t<\/section>\n\t\t\t\t<section class=\"elementor-section elementor-top-section elementor-element elementor-element-56daf8e6 elementor-section-boxed elementor-section-height-default elementor-section-height-default\" data-id=\"56daf8e6\" data-element_type=\"section\">\n\t\t\t\t\t\t<div class=\"elementor-container elementor-column-gap-default\">\n\t\t\t\t\t<div class=\"elementor-column elementor-col-100 elementor-top-column elementor-element elementor-element-5efab22f\" data-id=\"5efab22f\" data-element_type=\"column\">\n\t\t\t<div class=\"elementor-widget-wrap elementor-element-populated\">\n\t\t\t\t\t\t<div class=\"elementor-element elementor-element-6a989188 elementor-widget elementor-widget-text-editor\" data-id=\"6a989188\" data-element_type=\"widget\" data-widget_type=\"text-editor.default\">\n\t\t\t\t<div class=\"elementor-widget-container\">\n\t\t\t\t\t\t\t\t\t\n<p>Le Comit\u00e9 D\u00e9partemental de la Retraite Sportive du Doubs (<strong>CODERS 25<\/strong>) est une association r\u00e9gie par la loi de 1901 qui a pour mission de favoriser le d\u00e9veloppement de la pratique des activit\u00e9s physiques et sportives adapt\u00e9es au temps de la retraite (ou au temps assimil\u00e9).<\/p>\n\n\n\n<p>En coordination avec la structure f\u00e9d\u00e9rale nationale (<a href=\"https:\/\/www.ffrs-retraite-sportive.org\/\"><strong>FFRS<\/strong>=F\u00e9d\u00e9ration Fran\u00e7aise de Retraite Sportive<\/a>) et R\u00e9gionale <strong>(<\/strong><a href=\"https:\/\/www.corers-bfc.fr\/\"><strong>CORERS<\/strong> Bourgogne Franche Comt\u00e9<\/a>).<\/p>\n\n\n\n<p>Les <a href=\"https:\/\/coders-doubs25-ffrs.com\/index.php\/activites-sportives\/\">activit\u00e9s sportives<\/a> se pratiquent dans des <a href=\"https:\/\/coders-doubs25-ffrs.com\/index.php\/clubs-locaux\/\">clubs locaux<\/a><\/p>\n\n\n\n<div class=\"wp-block-group\"><div class=\"wp-block-group__inner-container is-layout-flow wp-block-group-is-layout-flow\">\n<p><\/p>\n<\/div><\/div>\n\n\n\n<p><\/p>\n\t\t\t\t\t\t\t\t<\/div>\n\t\t\t\t<\/div>\n\t\t\t\t\t<\/div>\n\t\t<\/div>\n\t\t\t\t\t<\/div>\n\t\t<\/section>\n\t\t\t\t<section class=\"elementor-section elementor-top-section elementor-element elementor-element-acf8031 elementor-section-boxed elementor-section-height-default elementor-section-height-default\" data-id=\"acf8031\" data-element_type=\"section\">\n\t\t\t\t\t\t<div class=\"elementor-container elementor-column-gap-default\">\n\t\t\t\t\t<div class=\"elementor-column elementor-col-100 elementor-top-column elementor-element elementor-element-d49477f\" data-id=\"d49477f\" data-element_type=\"column\">\n\t\t\t<div class=\"elementor-widget-wrap elementor-element-populated\">\n\t\t\t\t\t\t<div class=\"elementor-element elementor-element-dcc6dec elementor-widget elementor-widget-heading\" data-id=\"dcc6dec\" data-element_type=\"widget\" data-widget_type=\"heading.default\">\n\t\t\t\t<div class=\"elementor-widget-container\">\n\t\t\t\t\t<h2 class=\"elementor-heading-title elementor-size-default\">Textes R\u00e9cents<\/h2>\t\t\t\t<\/div>\n\t\t\t\t<\/div>\n\t\t\t\t<div class=\"elementor-element elementor-element-7785f18 elementor-widget elementor-widget-text-editor\" data-id=\"7785f18\" data-element_type=\"widget\" data-widget_type=\"text-editor.default\">\n\t\t\t\t<div class=\"elementor-widget-container\">\n\t\t\t\t\t\t\t\t\t<p><a href=\"https:\/\/coders-doubs25-ffrs.com\/wp-content\/uploads\/2025\/12\/PV_AG_14oct2025.pdf\">Coders : PV de l&rsquo;assembl\u00e9e g\u00e9n\u00e9rale du 14 octobre 2025<\/a><\/p>\t\t\t\t\t\t\t\t<\/div>\n\t\t\t\t<\/div>\n\t\t\t\t\t<\/div>\n\t\t<\/div>\n\t\t\t\t\t<\/div>\n\t\t<\/section>\n\t\t\t\t<\/div>\n\t\t","protected":false},"excerpt":{"rendered":"<p>Le Comit\u00e9 D\u00e9partemental de la Retraite Sportive du Doubs (CODERS 25) est une association r\u00e9gie par la loi de 1901 qui a pour mission de favoriser le d\u00e9veloppement de la pratique des activit\u00e9s physiques et sportives adapt\u00e9es au temps de &hellip; <a href=\"https:\/\/coders-doubs25-ffrs.com\/\">Continuer la lecture <span class=\"meta-nav\">&rarr;<\/span><\/a><\/p>\n","protected":false},"author":1,"featured_media":71,"parent":0,"menu_order":0,"comment_status":"closed","ping_status":"closed","template":"","meta":{"ngg_post_thumbnail":0,"footnotes":""},"class_list":["post-18","page","type-page","status-publish","has-post-thumbnail","hentry"],"_links":{"self":[{"href":"https:\/\/coders-doubs25-ffrs.com\/index.php\/wp-json\/wp\/v2\/pages\/18"}],"collection":[{"href":"https:\/\/coders-doubs25-ffrs.com\/index.php\/wp-json\/wp\/v2\/pages"}],"about":[{"href":"https:\/\/coders-doubs25-ffrs.com\/index.php\/wp-json\/wp\/v2\/types\/page"}],"author":[{"embeddable":true,"href":"https:\/\/coders-doubs25-ffrs.com\/index.php\/wp-json\/wp\/v2\/users\/1"}],"replies":[{"embeddable":true,"href":"https:\/\/coders-doubs25-ffrs.com\/index.php\/wp-json\/wp\/v2\/comments?post=18"}],"version-history":[{"count":162,"href":"https:\/\/coders-doubs25-ffrs.com\/index.php\/wp-json\/wp\/v2\/pages\/18\/revisions"}],"predecessor-version":[{"id":1730,"href":"https:\/\/coders-doubs25-ffrs.com\/index.php\/wp-json\/wp\/v2\/pages\/18\/revisions\/1730"}],"wp:featuredmedia":[{"embeddable":true,"href":"https:\/\/coders-doubs25-ffrs.com\/index.php\/wp-json\/wp\/v2\/media\/71"}],"wp:attachment":[{"href":"https:\/\/coders-doubs25-ffrs.com\/index.php\/wp-json\/wp\/v2\/media?parent=18"}],"curies":[{"name":"wp","href":"https:\/\/api.w.org\/{rel}","templated":true}]}}