{"id":526,"date":"2019-12-08T20:33:22","date_gmt":"2019-12-08T19:33:22","guid":{"rendered":"https:\/\/coders-doubs25-ffrs.com\/?page_id=526"},"modified":"2025-02-07T10:29:55","modified_gmt":"2025-02-07T09:29:55","slug":"stages","status":"publish","type":"page","link":"https:\/\/coders-doubs25-ffrs.com\/index.php\/stages\/","title":{"rendered":"Formations"},"content":{"rendered":"\n<p>La formation des animateurs est, avec le d\u00e9veloppement, la mission principale du CODERS.<br>Dans ce but, le CODERS est le premier interlocuteur des 10 clubs du Doubs dans ce<br>domaine.<br>Les animateurs des diff\u00e9rentes activit\u00e9s sont b\u00e9n\u00e9voles. Ils contribuent \u00e0 l\u2019animation des pratiques sportives adapt\u00e9es aux plus de 50 ans, \u00e0 leur s\u00e9curit\u00e9 et \u00e0 leur convivialit\u00e9.<br>Maillons essentiels de la vie des clubs, les animateurs ont suivi une formation sp\u00e9cifique encadr\u00e9e par des instructeurs de la FFRS et par ses conseillers techniques. <\/p>\n\n\n\n<p>Ces <strong>formations gratuites<\/strong>, ouvertes aux licenci\u00e9s, donnent lieu \u00e0 un <strong>brevet f\u00e9d\u00e9ral<\/strong> d\u00e9livr\u00e9 par la FFRS.<br>Tous les licenci\u00e9s d\u2019un club peuvent devenir animateurs.<br>Chaque club, en toute autonomie et en fonction de ses capacit\u00e9s, propose diff\u00e9rentes activit\u00e9s aux adh\u00e9rents.<br>A ce jour, 25 disciplines ou activit\u00e9s sportives sont homologu\u00e9es au niveau national et font l\u2019objet d\u2019un brevet f\u00e9d\u00e9ral d&rsquo;animateur. <\/p>\n\n\n\n<p><strong>Au pr\u00e9alable<\/strong>, le futur animateur doit \u00eatre titulaire d\u2019un PSC (<a href=\"https:\/\/www.protection-civile.org\/psc\/\">Premiers Secours Citoyens<\/a>) d\u00e9livr\u00e9 par un organisme agr\u00e9e et renouvel\u00e9 tous les quatre ans.<\/p>\n\n\n\n<p><a href=\"https:\/\/coders-doubs25-ffrs.com\/index.php\/cursus-de-formation-des-animateurs\/\" data-type=\"page\" data-id=\"1663\">Le <strong>cursus de formation<\/strong><\/a> des animateurs a lieu, dans la mesure du possible, en Bourgogne\/Franche-Comt\u00e9. Elle se d\u00e9roule en en deux temps : FIA puis M2.<\/p>\n\n\n\n<ul class=\"wp-block-list\">\n<li><strong>Formation Initiale d\u2019Animateur (FIA)<\/strong><br>La FIA se substitue depuis 2024 aux deux formations FCB et M1 qui existaient ant\u00e9rieurement.<br>Elle comprend une partie \u00e0 distance et une partie de 28 heures en pr\u00e9sentiel. <br>Le stage FIA est commun \u00e0 toutes les activit\u00e9s.<\/li>\n\n\n\n<li><strong>Module 2<\/strong> : <strong>M2<\/strong><br>Contrairement au FIA, le stage M2 est sp\u00e9cifique \u00e0 chacune des activit\u00e9s. D\u2019une mani\u00e8re g\u00e9n\u00e9rale, il se d\u00e9roule sur 5 jours et comprend entre 32 heures et 35 heures de<br>formation. Font exceptions, <br> -Activ M\u00e9moire (25h), <br> -Jeux de Boules (14 h).<br><br>La consultation du site de la f\u00e9d\u00e9ration (<a href=\"https:\/\/clubs.ffrs-retraite-sportive.org\/extranet\/accueil\/\">https:\/\/clubs.ffrs-retraite-sportive.org\/extranet\/accueil\/<\/a> onglet espace priv\u00e9) avec votre num\u00e9ro de licence et votre date de naissance, vous permettra de trouver le calendrier et les programmes d\u00e9taill\u00e9s de toutes ces formations.<br><br>Les stages (FIA, M2) se d\u00e9roulent dans diff\u00e9rents lieux d\u2019h\u00e9bergements dans le Jura (Doucier, Bellecin, Moirans en Montagne) ou en Sa\u00f4ne et Loire (M\u00e2con, Saint L\u00e9ger Sous Beuvray).<\/li>\n<\/ul>\n\n\n\n<p><br>Cependant, Le CORERS Bourgogne Franche Cont\u00e9 n\u2019est pas en capacit\u00e9 de proposer des stages M2 dans toutes les disciplines.<br>Dans ce cas, les stagiaires sont inscrits dans une autre r\u00e9gion, g\u00e9n\u00e9ralement en AURA ou en PACA, voire en Pays de Loire.<\/p>\n\n\n\n<p>Le CODERS prend en charge le co\u00fbt de l\u2019h\u00e9bergement des animateurs stagiaires de son d\u00e9partement dans les diff\u00e9rents lieux de formation (PSC, FIA, M2) et re\u00e7oit une aide f\u00e9d\u00e9rale partielle.<br>Le club prend en charge le d\u00e9placement du stagiaire.<\/p>\n\n\n\n<p><strong>Marie-Claire Jeannier <\/strong>: responsable Formations du CODERS du Doubs<\/p>\n\n\n\n<p><\/p>\n","protected":false},"excerpt":{"rendered":"<p>La formation des animateurs est, avec le d\u00e9veloppement, la mission principale du CODERS.Dans ce but, le CODERS est le premier interlocuteur des 10 clubs du Doubs dans cedomaine.Les animateurs des diff\u00e9rentes activit\u00e9s sont b\u00e9n\u00e9voles. Ils contribuent \u00e0 l\u2019animation des pratiques &hellip; <a href=\"https:\/\/coders-doubs25-ffrs.com\/index.php\/stages\/\">Continuer la lecture <span class=\"meta-nav\">&rarr;<\/span><\/a><\/p>\n","protected":false},"author":1,"featured_media":0,"parent":0,"menu_order":0,"comment_status":"closed","ping_status":"closed","template":"","meta":{"ngg_post_thumbnail":0,"footnotes":""},"class_list":["post-526","page","type-page","status-publish","hentry"],"_links":{"self":[{"href":"https:\/\/coders-doubs25-ffrs.com\/index.php\/wp-json\/wp\/v2\/pages\/526"}],"collection":[{"href":"https:\/\/coders-doubs25-ffrs.com\/index.php\/wp-json\/wp\/v2\/pages"}],"about":[{"href":"https:\/\/coders-doubs25-ffrs.com\/index.php\/wp-json\/wp\/v2\/types\/page"}],"author":[{"embeddable":true,"href":"https:\/\/coders-doubs25-ffrs.com\/index.php\/wp-json\/wp\/v2\/users\/1"}],"replies":[{"embeddable":true,"href":"https:\/\/coders-doubs25-ffrs.com\/index.php\/wp-json\/wp\/v2\/comments?post=526"}],"version-history":[{"count":9,"href":"https:\/\/coders-doubs25-ffrs.com\/index.php\/wp-json\/wp\/v2\/pages\/526\/revisions"}],"predecessor-version":[{"id":1667,"href":"https:\/\/coders-doubs25-ffrs.com\/index.php\/wp-json\/wp\/v2\/pages\/526\/revisions\/1667"}],"wp:attachment":[{"href":"https:\/\/coders-doubs25-ffrs.com\/index.php\/wp-json\/wp\/v2\/media?parent=526"}],"curies":[{"name":"wp","href":"https:\/\/api.w.org\/{rel}","templated":true}]}}